{"id":4688,"date":"2022-11-12T22:23:54","date_gmt":"2022-11-12T21:23:54","guid":{"rendered":"https:\/\/www.nidabell.com\/?post_type=product&#038;p=4688"},"modified":"2025-05-07T16:30:45","modified_gmt":"2025-05-07T14:30:45","slug":"goddess-vaxt-fiber-fransar","status":"publish","type":"product","link":"https:\/\/www.nidabell.com\/se\/product\/goddess-vaxt-fiber-fransar\/","title":{"rendered":"Goddess &#8211; V\u00e4xtfiber fransar"},"content":{"rendered":"\t\t<div data-elementor-type=\"product-post\" data-elementor-id=\"4688\" class=\"elementor elementor-4688\" data-elementor-post-type=\"product\">\n\t\t\t\t<div class=\"elementor-element elementor-element-2bdeb794 e-flex e-con-boxed e-con e-parent\" data-id=\"2bdeb794\" data-element_type=\"container\">\n\t\t\t\t\t<div class=\"e-con-inner\">\n\t\t\t\t<div class=\"elementor-element elementor-element-4cc3a68f elementor-widget elementor-widget-text-editor\" data-id=\"4cc3a68f\" data-element_type=\"widget\" data-widget_type=\"text-editor.default\">\n\t\t\t\t<div class=\"elementor-widget-container\">\n\t\t\t\t\t\t\t\t\t<p>V\u00e4xtfiber fransar gjorda p\u00e5 100% hampa fiber.\u00a0<\/p>\t\t\t\t\t\t\t\t<\/div>\n\t\t\t\t<\/div>\n\t\t\t\t\t<\/div>\n\t\t\t\t<\/div>\n\t\t\t\t<section class=\"elementor-section elementor-top-section elementor-element elementor-element-af8cfb3 elementor-section-boxed elementor-section-height-default elementor-section-height-default\" data-id=\"af8cfb3\" data-element_type=\"section\">\n\t\t\t\t\t\t<div class=\"elementor-container elementor-column-gap-default\">\n\t\t\t\t\t<div class=\"elementor-column elementor-col-100 elementor-top-column elementor-element elementor-element-582d0e9\" data-id=\"582d0e9\" data-element_type=\"column\">\n\t\t\t<div class=\"elementor-widget-wrap elementor-element-populated\">\n\t\t\t\t\t\t<section class=\"elementor-section elementor-inner-section elementor-element elementor-element-74d2b50 elementor-section-boxed elementor-section-height-default elementor-section-height-default\" data-id=\"74d2b50\" data-element_type=\"section\">\n\t\t\t\t\t\t<div class=\"elementor-container elementor-column-gap-default\">\n\t\t\t\t\t<div class=\"elementor-column elementor-col-25 elementor-inner-column elementor-element elementor-element-28a2c20\" data-id=\"28a2c20\" data-element_type=\"column\">\n\t\t\t<div class=\"elementor-widget-wrap elementor-element-populated\">\n\t\t\t\t\t\t<div class=\"elementor-element elementor-element-20af1af elementor-widget__width-initial elementor-widget elementor-widget-image\" data-id=\"20af1af\" data-element_type=\"widget\" data-widget_type=\"image.default\">\n\t\t\t\t<div class=\"elementor-widget-container\">\n\t\t\t\t\t\t\t\t\t\t\t\t\t\t\t<img decoding=\"async\" src=\"https:\/\/www.nidabell.com\/wp-content\/uploads\/2024\/02\/vegan.png\" title=\"vegan\" alt=\"vegan\" loading=\"lazy\" \/>\t\t\t\t\t\t\t\t\t\t\t\t\t\t\t<\/div>\n\t\t\t\t<\/div>\n\t\t\t\t<div class=\"elementor-element elementor-element-3db16c6 elementor-widget__width-initial elementor-widget elementor-widget-heading\" data-id=\"3db16c6\" data-element_type=\"widget\" data-widget_type=\"heading.default\">\n\t\t\t\t<div class=\"elementor-widget-container\">\n\t\t\t\t\t<h2 class=\"elementor-heading-title elementor-size-default\">Vegansk<\/h2>\t\t\t\t<\/div>\n\t\t\t\t<\/div>\n\t\t\t\t\t<\/div>\n\t\t<\/div>\n\t\t\t\t<div class=\"elementor-column elementor-col-25 elementor-inner-column elementor-element elementor-element-28bbe26\" data-id=\"28bbe26\" data-element_type=\"column\">\n\t\t\t<div class=\"elementor-widget-wrap elementor-element-populated\">\n\t\t\t\t\t\t<div class=\"elementor-element elementor-element-e97e31f elementor-widget__width-initial elementor-widget elementor-widget-image\" data-id=\"e97e31f\" data-element_type=\"widget\" data-widget_type=\"image.default\">\n\t\t\t\t<div class=\"elementor-widget-container\">\n\t\t\t\t\t\t\t\t\t\t\t\t\t\t\t<img decoding=\"async\" src=\"https:\/\/www.nidabell.com\/wp-content\/uploads\/2024\/02\/cruelty-free-2.png\" title=\"cruelty-free (2)\" alt=\"cruelty-free\" loading=\"lazy\" \/>\t\t\t\t\t\t\t\t\t\t\t\t\t\t\t<\/div>\n\t\t\t\t<\/div>\n\t\t\t\t<div class=\"elementor-element elementor-element-986248b elementor-widget__width-initial elementor-widget elementor-widget-heading\" data-id=\"986248b\" data-element_type=\"widget\" data-widget_type=\"heading.default\">\n\t\t\t\t<div class=\"elementor-widget-container\">\n\t\t\t\t\t<h2 class=\"elementor-heading-title elementor-size-default\">Cruelty-<br>Free<\/h2>\t\t\t\t<\/div>\n\t\t\t\t<\/div>\n\t\t\t\t\t<\/div>\n\t\t<\/div>\n\t\t\t\t<div class=\"elementor-column elementor-col-25 elementor-inner-column elementor-element elementor-element-3fd63e9\" data-id=\"3fd63e9\" data-element_type=\"column\">\n\t\t\t<div class=\"elementor-widget-wrap elementor-element-populated\">\n\t\t\t\t\t\t<div class=\"elementor-element elementor-element-974cd86 elementor-widget__width-initial elementor-widget elementor-widget-image\" data-id=\"974cd86\" data-element_type=\"widget\" data-widget_type=\"image.default\">\n\t\t\t\t<div class=\"elementor-widget-container\">\n\t\t\t\t\t\t\t\t\t\t\t\t\t\t\t<img decoding=\"async\" src=\"https:\/\/www.nidabell.com\/wp-content\/uploads\/2022\/12\/high-quality.png\" title=\"high-quality\" alt=\"high quality. h\u00f6g kvalitet\" loading=\"lazy\" \/>\t\t\t\t\t\t\t\t\t\t\t\t\t\t\t<\/div>\n\t\t\t\t<\/div>\n\t\t\t\t<div class=\"elementor-element elementor-element-8b7ece4 elementor-widget__width-initial elementor-widget elementor-widget-heading\" data-id=\"8b7ece4\" data-element_type=\"widget\" data-widget_type=\"heading.default\">\n\t\t\t\t<div class=\"elementor-widget-container\">\n\t\t\t\t\t<h2 class=\"elementor-heading-title elementor-size-default\">H\u00f6g kvalitet<\/h2>\t\t\t\t<\/div>\n\t\t\t\t<\/div>\n\t\t\t\t\t<\/div>\n\t\t<\/div>\n\t\t\t\t<div class=\"elementor-column elementor-col-25 elementor-inner-column elementor-element elementor-element-ef1907e\" data-id=\"ef1907e\" data-element_type=\"column\">\n\t\t\t<div class=\"elementor-widget-wrap elementor-element-populated\">\n\t\t\t\t\t\t<div class=\"elementor-element elementor-element-6e37d21 elementor-widget__width-initial elementor-widget elementor-widget-image\" data-id=\"6e37d21\" data-element_type=\"widget\" data-widget_type=\"image.default\">\n\t\t\t\t<div class=\"elementor-widget-container\">\n\t\t\t\t\t\t\t\t\t\t\t\t\t\t\t<img decoding=\"async\" src=\"https:\/\/www.nidabell.com\/wp-content\/uploads\/2022\/12\/recycle-sign.png\" title=\"recycle-sign\" alt=\"Reusable,\u00e5teranv\u00e4ndbar\" loading=\"lazy\" \/>\t\t\t\t\t\t\t\t\t\t\t\t\t\t\t<\/div>\n\t\t\t\t<\/div>\n\t\t\t\t<div class=\"elementor-element elementor-element-fa0406f elementor-widget__width-initial elementor-widget elementor-widget-heading\" data-id=\"fa0406f\" data-element_type=\"widget\" data-widget_type=\"heading.default\">\n\t\t\t\t<div class=\"elementor-widget-container\">\n\t\t\t\t\t<h2 class=\"elementor-heading-title elementor-size-default\">\u00c5teranv\u00e4nd- <br>bar<\/h2>\t\t\t\t<\/div>\n\t\t\t\t<\/div>\n\t\t\t\t\t<\/div>\n\t\t<\/div>\n\t\t\t\t\t<\/div>\n\t\t<\/section>\n\t\t\t\t<div class=\"elementor-element elementor-element-3459154 elementor-widget elementor-widget-accordion\" data-id=\"3459154\" data-element_type=\"widget\" data-widget_type=\"accordion.default\">\n\t\t\t\t<div class=\"elementor-widget-container\">\n\t\t\t\t\t\t\t<div class=\"elementor-accordion\">\n\t\t\t\t\t\t\t<div class=\"elementor-accordion-item\">\n\t\t\t\t\t<div id=\"elementor-tab-title-5481\" class=\"elementor-tab-title\" data-tab=\"1\" role=\"button\" aria-controls=\"elementor-tab-content-5481\" aria-expanded=\"false\">\n\t\t\t\t\t\t\t\t\t\t\t\t\t<span class=\"elementor-accordion-icon elementor-accordion-icon-left\" aria-hidden=\"true\">\n\t\t\t\t\t\t\t\t\t\t\t\t\t\t\t<span class=\"elementor-accordion-icon-closed\"><i class=\"fas fa-plus\"><\/i><\/span>\n\t\t\t\t\t\t\t\t<span class=\"elementor-accordion-icon-opened\"><i class=\"fas fa-minus\"><\/i><\/span>\n\t\t\t\t\t\t\t\t\t\t\t\t\t\t<\/span>\n\t\t\t\t\t\t\t\t\t\t\t\t<a class=\"elementor-accordion-title\" tabindex=\"0\">Produktinformation<\/a>\n\t\t\t\t\t<\/div>\n\t\t\t\t\t<div id=\"elementor-tab-content-5481\" class=\"elementor-tab-content elementor-clearfix\" data-tab=\"1\" role=\"region\" aria-labelledby=\"elementor-tab-title-5481\"><p>L\u00e4ngd 16 mm<br \/>100% Vegansk<br \/>Cruelty-free<br \/>Handgjorda<br \/>Tillverkade av hampa fiber<br \/>3D effekt<br \/>\u00c5teranv\u00e4ndbara upptill 20 g\u00e5nger med r\u00e4tt sk\u00f6tsel<br \/>Svarta band<br \/>Maximal volym<br \/>Wispy<br \/>Franslim ing\u00e5r ej<\/p><\/div>\n\t\t\t\t<\/div>\n\t\t\t\t\t\t\t<div class=\"elementor-accordion-item\">\n\t\t\t\t\t<div id=\"elementor-tab-title-5482\" class=\"elementor-tab-title\" data-tab=\"2\" role=\"button\" aria-controls=\"elementor-tab-content-5482\" aria-expanded=\"false\">\n\t\t\t\t\t\t\t\t\t\t\t\t\t<span class=\"elementor-accordion-icon elementor-accordion-icon-left\" aria-hidden=\"true\">\n\t\t\t\t\t\t\t\t\t\t\t\t\t\t\t<span class=\"elementor-accordion-icon-closed\"><i class=\"fas fa-plus\"><\/i><\/span>\n\t\t\t\t\t\t\t\t<span class=\"elementor-accordion-icon-opened\"><i class=\"fas fa-minus\"><\/i><\/span>\n\t\t\t\t\t\t\t\t\t\t\t\t\t\t<\/span>\n\t\t\t\t\t\t\t\t\t\t\t\t<a class=\"elementor-accordion-title\" tabindex=\"0\">Hur man applicerar<\/a>\n\t\t\t\t\t<\/div>\n\t\t\t\t\t<div id=\"elementor-tab-content-5482\" class=\"elementor-tab-content elementor-clearfix\" data-tab=\"2\" role=\"region\" aria-labelledby=\"elementor-tab-title-5482\"><p><b>Steg 1: F\u00f6rberedelse<\/b><b><br \/><\/b><span style=\"font-weight: 400;\">Se till att dina \u00f6gonlock \u00e4r rena f\u00f6r l\u00e4ttare applicering. Anv\u00e4nd pincett n\u00e4r du tar bort l\u00f6s\u00f6gonfransarna fr\u00e5n Nidabell f\u00f6rpackningen.\u00a0<\/span><\/p><p><b>Steg 2: Trimma fransarna<\/b><b><br \/><\/b><span style=\"font-weight: 400;\">F\u00f6r b\u00e4ttre passform, m\u00e4t Nidabell l\u00f6s\u00f6gonfransar mot dina \u00f6gonlock och klipp det som blir \u00f6ver. Det \u00e4r viktigt att anpassa l\u00f6s\u00f6gonfransarna efter din \u00f6gonform.\u00a0<\/span><\/p><p><b>Steg 3: Applicera lim<\/b><b><br \/><\/b><span style=\"font-weight: 400;\">H\u00e5ll Nidabell l\u00f6s\u00f6gonfransarna f\u00f6rsiktigt med en pincett. Applicera d\u00e4refter en tunn linje av \u00f6gonfranslim l\u00e4ngs den b\u00f6jda kanten av l\u00f6s\u00f6gonfransen. V\u00e4nta n\u00e5gra sekunder tills limmet har blivit kladdigt men inte torkat helt.\u00a0<\/span><\/p><p><b>Steg 4: Placera l\u00f6s\u00f6gonfransarna<\/b><b><br \/><\/b><span style=\"font-weight: 400;\">Med hj\u00e4lp av en pincett placerar du Nidabell l\u00f6s\u00f6gonfransen n\u00e4ra din naturliga \u00f6gonfranslinje. B\u00f6rja fr\u00e5n den inre \u00f6gonlinjen och arbeta dig ut\u00e5t. Placera l\u00f6s\u00f6gonfransen s\u00e5 n\u00e4ra din naturliga \u00f6gonfranslinje f\u00f6r b\u00e4ttre passform f\u00f6r att undvika l\u00f6s\u00f6gonfransen att lyfta fr\u00e5n dina fransar.\u00a0<\/span><\/p><p><b>Steg 5: Tryck och f\u00e4st<\/b><b><br \/><\/b><span style=\"font-weight: 400;\">Anv\u00e4nd pincett eller fingret f\u00f6r att trycka fransarna s\u00e5 den f\u00e4ster ordentligt vid dina egna fransar. Se till att fransarna \u00e4r ordentligt p\u00e5 plats s\u00e5 att de inte lyfter eller att de sitter f\u00f6r l\u00f6st att du riskerar att tappa dem.<\/span><\/p><p><b>Steg 6: Eyeliner (valfritt)<\/b><b><br \/><\/b><span style=\"font-weight: 400;\">F\u00f6r att remsan p\u00e5 l\u00f6s\u00f6gonfransarna inte ska vara alltf\u00f6r tydligt kan man anv\u00e4nda en svart eyeliner. Det kamouflerar fransarna och sm\u00e4lter bland dina egna fransar. <\/span><\/p><\/div>\n\t\t\t\t<\/div>\n\t\t\t\t\t\t\t<div class=\"elementor-accordion-item\">\n\t\t\t\t\t<div id=\"elementor-tab-title-5483\" class=\"elementor-tab-title\" data-tab=\"3\" role=\"button\" aria-controls=\"elementor-tab-content-5483\" aria-expanded=\"false\">\n\t\t\t\t\t\t\t\t\t\t\t\t\t<span class=\"elementor-accordion-icon elementor-accordion-icon-left\" aria-hidden=\"true\">\n\t\t\t\t\t\t\t\t\t\t\t\t\t\t\t<span class=\"elementor-accordion-icon-closed\"><i class=\"fas fa-plus\"><\/i><\/span>\n\t\t\t\t\t\t\t\t<span class=\"elementor-accordion-icon-opened\"><i class=\"fas fa-minus\"><\/i><\/span>\n\t\t\t\t\t\t\t\t\t\t\t\t\t\t<\/span>\n\t\t\t\t\t\t\t\t\t\t\t\t<a class=\"elementor-accordion-title\" tabindex=\"0\">Frakt<\/a>\n\t\t\t\t\t<\/div>\n\t\t\t\t\t<div id=\"elementor-tab-content-5483\" class=\"elementor-tab-content elementor-clearfix\" data-tab=\"3\" role=\"region\" aria-labelledby=\"elementor-tab-title-5483\"><p>Fri frakt och leverans inom 1-3 arbetsdagar inom Sverige<\/p><p>F\u00f6r internationella leveranstider och leveranskostnader se\u00a0<a style=\"background-color: #ffffff;\" href=\"https:\/\/www.nidabell.com\/kopvillkor\/\"><em>h\u00e4r<\/em><\/a><\/p><\/div>\n\t\t\t\t<\/div>\n\t\t\t\t\t\t\t\t<\/div>\n\t\t\t\t\t\t<\/div>\n\t\t\t\t<\/div>\n\t\t\t\t\t<\/div>\n\t\t<\/div>\n\t\t\t\t\t<\/div>\n\t\t<\/section>\n\t\t\t\t<\/div>\n\t\t","protected":false},"excerpt":{"rendered":"<p>Lyxiga l\u00f6s\u00f6gonfransar av 100% hampafibrer<\/p>\n<p><strong>Leverans<\/strong><br \/>\nFri frakt och leverans inom 1-3 arbetsdagar<\/p>\n","protected":false},"featured_media":19244,"template":"","meta":{"_acf_changed":false,"_monsterinsights_skip_tracking":false,"_monsterinsights_sitenote_active":false,"_monsterinsights_sitenote_note":"","_monsterinsights_sitenote_category":0},"product_brand":[],"product_cat":[282,308,50,59,272,252,66],"product_tag":[],"class_list":{"0":"post-4688","1":"product","2":"type-product","3":"status-publish","4":"has-post-thumbnail","6":"product_cat-false-eyelashes","7":"product_cat-kosmetika","8":"product_cat-losogonfransar","9":"product_cat-vaxtfiber-fransar","10":"product_cat-plant-fiber-lashes","11":"product_cat-bestseller","12":"product_cat-black-cotton-band","14":"first","15":"outofstock","16":"shipping-taxable","17":"purchasable","18":"product-type-simple"},"acf":[],"_links":{"self":[{"href":"https:\/\/www.nidabell.com\/se\/wp-json\/wp\/v2\/product\/4688","targetHints":{"allow":["GET"]}}],"collection":[{"href":"https:\/\/www.nidabell.com\/se\/wp-json\/wp\/v2\/product"}],"about":[{"href":"https:\/\/www.nidabell.com\/se\/wp-json\/wp\/v2\/types\/product"}],"version-history":[{"count":5,"href":"https:\/\/www.nidabell.com\/se\/wp-json\/wp\/v2\/product\/4688\/revisions"}],"predecessor-version":[{"id":19176,"href":"https:\/\/www.nidabell.com\/se\/wp-json\/wp\/v2\/product\/4688\/revisions\/19176"}],"wp:featuredmedia":[{"embeddable":true,"href":"https:\/\/www.nidabell.com\/se\/wp-json\/wp\/v2\/media\/19244"}],"wp:attachment":[{"href":"https:\/\/www.nidabell.com\/se\/wp-json\/wp\/v2\/media?parent=4688"}],"wp:term":[{"taxonomy":"product_brand","embeddable":true,"href":"https:\/\/www.nidabell.com\/se\/wp-json\/wp\/v2\/product_brand?post=4688"},{"taxonomy":"product_cat","embeddable":true,"href":"https:\/\/www.nidabell.com\/se\/wp-json\/wp\/v2\/product_cat?post=4688"},{"taxonomy":"product_tag","embeddable":true,"href":"https:\/\/www.nidabell.com\/se\/wp-json\/wp\/v2\/product_tag?post=4688"}],"curies":[{"name":"wp","href":"https:\/\/api.w.org\/{rel}","templated":true}]}}